{"id":9539,"date":"2024-10-25T13:21:29","date_gmt":"2024-10-25T13:21:29","guid":{"rendered":"https:\/\/ishare1.wpenginepowered.com\/dienstverleners\/"},"modified":"2025-12-29T14:34:33","modified_gmt":"2025-12-29T14:34:33","slug":"dienstverleners","status":"publish","type":"page","link":"https:\/\/ishare.eu\/nl\/deelnemen\/dienstverleners\/","title":{"rendered":"Dienstverleners"},"content":{"rendered":"<div id=\"maincontent\">\n<div>\n<div>\n<p>De rol van Dienstverlener wordt vervuld door een rechtspersoon die een dienst, zoals data, levert voor consumptie door een Dienstconsument. Deze rechtspersoon levert het resultaat van een dienst waar Dienstconsument(en) behoefte aan heeft; bijvoorbeeld de partij die de tijd en locatie van een vrachtwagen gebruikt om de optimale route en geschatte aankomsttijd van de vrachtwagen te berekenen en te communiceren.<\/p>\n<\/div>\n<\/div>\n<div>\n<div>\n<p>Om te beginnen bestaat de eerste stap uit het toetreden tot de dataruimte en het ondertekenen van overeenkomsten als aangesloten partij. Vervolgens is het van cruciaal belang dat u zich houdt aan de handleidingen voor ontwikkelaars en de stapsgewijze instructies om de software naadloos te integreren <a href=\"https:\/\/dev.ishare.eu\/introduction\/getting-started.html\">iSHARE-specificaties<\/a> en workflows in de dagelijkse bedrijfsvoering. Hier volgt een overzicht van de stappen voor dienstverleners:<\/p>\n<\/div>\n<\/div>\n<div>\n<div>\n<ol>\n<li>Gebruik vertrouwde gegevensbronnen met gevestigde betrouwbaarheid en nauwkeurigheid om een consistente gegevenskwaliteit te garanderen. Voorbeelden hiervan zijn gegevens van energiebedrijven, overheidsverplichtingen of kadasterinformatie.<\/li>\n<li>Streef naar multi-naar-multi-verbindingen in plaats van \u00e9\u00e9n-op-\u00e9\u00e9n-verbindingen voor effici\u00ebnter delen van gegevens.<\/li>\n<li>Zorg voor eenvoud in de initi\u00eble dataservice om gemakkelijke herkenning en diverse potenti\u00eble toepassingen mogelijk te maken.<\/li>\n<li>Begin waar mogelijk met een bestaande API gebaseerd op de identificatie-, authenticatie- en autorisatiestandaard binnen de data space.<\/li>\n<li>Label gegevens op de juiste manier om de relevante partijen binnen de data space te identificeren, bijvoorbeeld door gebruik te maken van EORI-nummers.<\/li>\n<\/ol>\n<\/div>\n<\/div>\n<div>\n<div>\n<div>\n<p>Klaar om de volgende stap te zetten en als iSHARE-lid deel uit te maken van het landschap van datadeling?<\/p>\n<div><a href=\"https:\/\/ishare.eu\/nl\/home\/ecosysteem\/gemeenschap\/lidmaatschap\/\">Klik en ga aan de slag!<\/a><\/div>\n<\/div>\n<\/div>\n<\/div>\n<div>\n<div>\n<div>\n<p>Wilt u meer weten over het iSHARE Trust Framework en hoe u gegevens kunt delen als Dienstverleners?<\/p>\n<div><a href=\"https:\/\/dev.ishare.eu\/service-provider-role\/getting-started\">Lees meer<\/a><\/div>\n<\/div>\n<\/div>\n<\/div>\n<\/div>\n","protected":false},"excerpt":{"rendered":"<p>De rol van Dienstverlener wordt vervuld door een rechtspersoon die een dienst, zoals data, levert voor consumptie door een Dienstconsument. Deze rechtspersoon levert het resultaat van een dienst waar Dienstconsument(en) behoefte aan heeft; bijvoorbeeld de partij die de tijd en locatie van een vrachtwagen gebruikt om de optimale route en geschatte aankomsttijd van de vrachtwagen [&hellip;]<\/p>\n","protected":false},"author":1,"featured_media":0,"parent":9543,"menu_order":0,"comment_status":"closed","ping_status":"closed","template":"","meta":{"_acf_changed":true,"footnotes":""},"class_list":["post-9539","page","type-page","status-publish","hentry"],"acf":[],"yoast_head":"<!-- This site is optimized with the Yoast SEO plugin v26.6 - https:\/\/yoast.com\/wordpress\/plugins\/seo\/ -->\n<title>Dienstverleners - iSHARE<\/title>\n<meta name=\"description\" content=\"Ontdek hoe het iSHARE Trust Framework SaaS- en cloudbedrijven helpt gegevens veilig te delen en te voldoen aan de Europese richtlijnen.\" \/>\n<meta name=\"robots\" content=\"index, follow, max-snippet:-1, max-image-preview:large, max-video-preview:-1\" \/>\n<link rel=\"canonical\" href=\"https:\/\/ishare.eu\/nl\/deelnemen\/dienstverleners\/\" \/>\n<meta property=\"og:locale\" content=\"nl_NL\" \/>\n<meta property=\"og:type\" content=\"article\" \/>\n<meta property=\"og:title\" content=\"Dienstverleners - iSHARE\" \/>\n<meta property=\"og:description\" content=\"Ontdek hoe het iSHARE Trust Framework SaaS- en cloudbedrijven helpt gegevens veilig te delen en te voldoen aan de Europese richtlijnen.\" \/>\n<meta property=\"og:url\" content=\"https:\/\/ishare.eu\/nl\/deelnemen\/dienstverleners\/\" \/>\n<meta property=\"og:site_name\" content=\"iSHARE\" \/>\n<meta property=\"article:modified_time\" content=\"2025-12-29T14:34:33+00:00\" \/>\n<meta name=\"twitter:card\" content=\"summary_large_image\" \/>\n<meta name=\"twitter:label1\" content=\"Geschatte leestijd\" \/>\n\t<meta name=\"twitter:data1\" content=\"2 minuten\" \/>\n<script type=\"application\/ld+json\" class=\"yoast-schema-graph\">{\"@context\":\"https:\/\/schema.org\",\"@graph\":[{\"@type\":\"WebPage\",\"@id\":\"https:\/\/ishare.eu\/nl\/deelnemen\/dienstverleners\/\",\"url\":\"https:\/\/ishare.eu\/nl\/deelnemen\/dienstverleners\/\",\"name\":\"Dienstverleners - iSHARE\",\"isPartOf\":{\"@id\":\"https:\/\/ishare.eu\/nl\/#website\"},\"datePublished\":\"2024-10-25T13:21:29+00:00\",\"dateModified\":\"2025-12-29T14:34:33+00:00\",\"description\":\"Ontdek hoe het iSHARE Trust Framework SaaS- en cloudbedrijven helpt gegevens veilig te delen en te voldoen aan de Europese richtlijnen.\",\"breadcrumb\":{\"@id\":\"https:\/\/ishare.eu\/nl\/deelnemen\/dienstverleners\/#breadcrumb\"},\"inLanguage\":\"nl-NL\",\"potentialAction\":[{\"@type\":\"ReadAction\",\"target\":[\"https:\/\/ishare.eu\/nl\/deelnemen\/dienstverleners\/\"]}]},{\"@type\":\"BreadcrumbList\",\"@id\":\"https:\/\/ishare.eu\/nl\/deelnemen\/dienstverleners\/#breadcrumb\",\"itemListElement\":[{\"@type\":\"ListItem\",\"position\":1,\"name\":\"Home\",\"item\":\"https:\/\/ishare.eu\/nl\/\"},{\"@type\":\"ListItem\",\"position\":2,\"name\":\"Deelnemen\",\"item\":\"https:\/\/ishare.eu\/nl\/deelnemen\/\"},{\"@type\":\"ListItem\",\"position\":3,\"name\":\"Dienstverleners\"}]},{\"@type\":\"WebSite\",\"@id\":\"https:\/\/ishare.eu\/nl\/#website\",\"url\":\"https:\/\/ishare.eu\/nl\/\",\"name\":\"iSHARE\",\"description\":\"Trust Framework for Data Rights\",\"publisher\":{\"@id\":\"https:\/\/ishare.eu\/nl\/#organization\"},\"potentialAction\":[{\"@type\":\"SearchAction\",\"target\":{\"@type\":\"EntryPoint\",\"urlTemplate\":\"https:\/\/ishare.eu\/nl\/?s={search_term_string}\"},\"query-input\":{\"@type\":\"PropertyValueSpecification\",\"valueRequired\":true,\"valueName\":\"search_term_string\"}}],\"inLanguage\":\"nl-NL\"},{\"@type\":\"Organization\",\"@id\":\"https:\/\/ishare.eu\/nl\/#organization\",\"name\":\"iSHARE\",\"url\":\"https:\/\/ishare.eu\/nl\/\",\"logo\":{\"@type\":\"ImageObject\",\"inLanguage\":\"nl-NL\",\"@id\":\"https:\/\/ishare.eu\/nl\/#\/schema\/logo\/image\/\",\"url\":\"https:\/\/ishare.eu\/wp-content\/uploads\/2025\/10\/Logo-nl.jpg\",\"contentUrl\":\"https:\/\/ishare.eu\/wp-content\/uploads\/2025\/10\/Logo-nl.jpg\",\"width\":730,\"height\":730,\"caption\":\"iSHARE\"},\"image\":{\"@id\":\"https:\/\/ishare.eu\/nl\/#\/schema\/logo\/image\/\"}}]}<\/script>\n<!-- \/ Yoast SEO plugin. -->","yoast_head_json":{"title":"Dienstverleners - iSHARE","description":"Ontdek hoe het iSHARE Trust Framework SaaS- en cloudbedrijven helpt gegevens veilig te delen en te voldoen aan de Europese richtlijnen.","robots":{"index":"index","follow":"follow","max-snippet":"max-snippet:-1","max-image-preview":"max-image-preview:large","max-video-preview":"max-video-preview:-1"},"canonical":"https:\/\/ishare.eu\/nl\/deelnemen\/dienstverleners\/","og_locale":"nl_NL","og_type":"article","og_title":"Dienstverleners - iSHARE","og_description":"Ontdek hoe het iSHARE Trust Framework SaaS- en cloudbedrijven helpt gegevens veilig te delen en te voldoen aan de Europese richtlijnen.","og_url":"https:\/\/ishare.eu\/nl\/deelnemen\/dienstverleners\/","og_site_name":"iSHARE","article_modified_time":"2025-12-29T14:34:33+00:00","twitter_card":"summary_large_image","twitter_misc":{"Geschatte leestijd":"2 minuten"},"schema":{"@context":"https:\/\/schema.org","@graph":[{"@type":"WebPage","@id":"https:\/\/ishare.eu\/nl\/deelnemen\/dienstverleners\/","url":"https:\/\/ishare.eu\/nl\/deelnemen\/dienstverleners\/","name":"Dienstverleners - iSHARE","isPartOf":{"@id":"https:\/\/ishare.eu\/nl\/#website"},"datePublished":"2024-10-25T13:21:29+00:00","dateModified":"2025-12-29T14:34:33+00:00","description":"Ontdek hoe het iSHARE Trust Framework SaaS- en cloudbedrijven helpt gegevens veilig te delen en te voldoen aan de Europese richtlijnen.","breadcrumb":{"@id":"https:\/\/ishare.eu\/nl\/deelnemen\/dienstverleners\/#breadcrumb"},"inLanguage":"nl-NL","potentialAction":[{"@type":"ReadAction","target":["https:\/\/ishare.eu\/nl\/deelnemen\/dienstverleners\/"]}]},{"@type":"BreadcrumbList","@id":"https:\/\/ishare.eu\/nl\/deelnemen\/dienstverleners\/#breadcrumb","itemListElement":[{"@type":"ListItem","position":1,"name":"Home","item":"https:\/\/ishare.eu\/nl\/"},{"@type":"ListItem","position":2,"name":"Deelnemen","item":"https:\/\/ishare.eu\/nl\/deelnemen\/"},{"@type":"ListItem","position":3,"name":"Dienstverleners"}]},{"@type":"WebSite","@id":"https:\/\/ishare.eu\/nl\/#website","url":"https:\/\/ishare.eu\/nl\/","name":"iSHARE","description":"Trust Framework for Data Rights","publisher":{"@id":"https:\/\/ishare.eu\/nl\/#organization"},"potentialAction":[{"@type":"SearchAction","target":{"@type":"EntryPoint","urlTemplate":"https:\/\/ishare.eu\/nl\/?s={search_term_string}"},"query-input":{"@type":"PropertyValueSpecification","valueRequired":true,"valueName":"search_term_string"}}],"inLanguage":"nl-NL"},{"@type":"Organization","@id":"https:\/\/ishare.eu\/nl\/#organization","name":"iSHARE","url":"https:\/\/ishare.eu\/nl\/","logo":{"@type":"ImageObject","inLanguage":"nl-NL","@id":"https:\/\/ishare.eu\/nl\/#\/schema\/logo\/image\/","url":"https:\/\/ishare.eu\/wp-content\/uploads\/2025\/10\/Logo-nl.jpg","contentUrl":"https:\/\/ishare.eu\/wp-content\/uploads\/2025\/10\/Logo-nl.jpg","width":730,"height":730,"caption":"iSHARE"},"image":{"@id":"https:\/\/ishare.eu\/nl\/#\/schema\/logo\/image\/"}}]}},"_links":{"self":[{"href":"https:\/\/ishare.eu\/nl\/wp-json\/wp\/v2\/pages\/9539","targetHints":{"allow":["GET"]}}],"collection":[{"href":"https:\/\/ishare.eu\/nl\/wp-json\/wp\/v2\/pages"}],"about":[{"href":"https:\/\/ishare.eu\/nl\/wp-json\/wp\/v2\/types\/page"}],"author":[{"embeddable":true,"href":"https:\/\/ishare.eu\/nl\/wp-json\/wp\/v2\/users\/1"}],"replies":[{"embeddable":true,"href":"https:\/\/ishare.eu\/nl\/wp-json\/wp\/v2\/comments?post=9539"}],"version-history":[{"count":0,"href":"https:\/\/ishare.eu\/nl\/wp-json\/wp\/v2\/pages\/9539\/revisions"}],"up":[{"embeddable":true,"href":"https:\/\/ishare.eu\/nl\/wp-json\/wp\/v2\/pages\/9543"}],"wp:attachment":[{"href":"https:\/\/ishare.eu\/nl\/wp-json\/wp\/v2\/media?parent=9539"}],"curies":[{"name":"wp","href":"https:\/\/api.w.org\/{rel}","templated":true}]}}